{"id":5815,"date":"2020-12-01T18:48:27","date_gmt":"2020-12-01T18:48:27","guid":{"rendered":"https:\/\/www.delamasia.com\/aviso-legal\/"},"modified":"2021-02-08T14:58:35","modified_gmt":"2021-02-08T14:58:35","slug":"avis-legal","status":"publish","type":"page","link":"https:\/\/www.delamasia.com\/ca\/avis-legal\/","title":{"rendered":"Av\u00eds legal"},"content":{"rendered":"<p><strong>1. DADES IDENTIFICATIVES<\/strong><\/p>\n<p>Conforme l&#8217;article 10 de la Llei 34\/2002, d&#8217;11 de juliol, de \u201cServeis de la Societat de la Informaci\u00f3 i Comer\u00e7 Electr\u00f2nic (*LSSI)\u201d, posem en el seu coneixement la seg\u00fcent informaci\u00f3:<\/p>\n<p>Nom comercial: DE LA *MASIA<br \/>\nRa\u00f3 Social: AFRUTADOS 2014 S.L.L.<br \/>\nN.I.F.: B-66.176.694<br \/>\nDomicili Social: Rambla de Catalunya, 1 08640 Olesa de Montserrat (Barcelona)<br \/>\nCorreu electr\u00f2nic: info@delamasia.com<br \/>\nActivitat: Distribuci\u00f3 de productes alimentosos<\/p>\n<p><strong>2. USUARIS<\/strong><\/p>\n<p>L&#8217;acc\u00e9s i\/o \u00fas d&#8217;aquest lloc web atribueix la condici\u00f3 d&#8217;USUARI, que accepta, des d&#8217;aquest acc\u00e9s i\/o \u00fas, els presents termes d&#8217;\u00fas. En conseq\u00fc\u00e8ncia, l&#8217;USUARI ha de llegir atentament el present Av\u00eds Legal en cadascuna de les ocasions en qu\u00e8 es proposi utilitzar la Web, ja que pot sofrir modificacions.<\/p>\n<p><strong>3. POL\u00cdTICA D&#8217;ENLLA\u00c7OS<\/strong><\/p>\n<p>DE LA MASIA no es fa responsable de les webs no pr\u00f2pies o de tercers, a les quals es pot accedir mitjan\u00e7ant vincles \u201clinks\u201d o de qualsevol contingut posat a disposici\u00f3 per tercers. Qualsevol clic en un enlla\u00e7 \u00e9s realitzat per voluntat pr\u00f2pia i el comprador \u00e9s qui pren el risc de les conseq\u00fc\u00e8ncies que puguin oc\u00f3rrer.<\/p>\n<p>DE LA MASIA no recomana accedir a cap enlla\u00e7 ni garanteix que la informaci\u00f3 d&#8217;aquest sigui fiable. Aix\u00ed mateix, DE LA MASIA no es responsabilitza de cap perduda, reclamaci\u00f3 o perjudici derivat del mal \u00fas d&#8217;un vincle, o de la informaci\u00f3 obtinguda a trav\u00e9s d&#8217;ell, incloent altres vincles o webs, de la interrupci\u00f3 en el servei o en l&#8217;acc\u00e9s, o de l&#8217;\u00fas o mal \u00fas d&#8217;un vincle, tant en connectar al portal Web delamasia.com com en accedir a la informaci\u00f3 d&#8217;altres webs des del mateix portal Web.<\/p>\n<p><strong>4. MODIFICACIONS<\/strong><\/p>\n<p>DE LA MASIA es reserva el dret d&#8217;efectuar sense previ av\u00eds les modificacions que consideri oportunes en el seu web, podent canviar, suprimir o afegir tant els continguts i serveis que es prestin a trav\u00e9s d&#8217;aquesta com la forma en la qual aquests apareguin presentats o localitzats en el seu web.<\/p>\n<p><strong>5. EXCLUSI\u00d3 DE GARANTIES I RESPONSABILITAT<\/strong><\/p>\n<p>DE LA MASIA no declara ni garanteix que els serveis o continguts estiguin lliures d&#8217;errors, que els defectes siguin corregits, o que el servei o el servidor que el posa a disposici\u00f3 estiguin lliures de virus o altres components nocius, sense perjudici que DE LA MASIA fa els seus millors esfor\u00e7os a evitar aquest tipus d&#8217;incidents.<\/p>\n<p>Aix\u00ed mateix, DE LA MASIA no es fa responsable per caigudes de la xarxa, p\u00e8rdues de negoci a conseq\u00fc\u00e8ncia d&#8217;aquestes caigudes, suspensions temporals del fluid el\u00e8ctric o qualsevol un altre tipus.<\/p>\n<p><strong>6. PROPIETAT INTEL\u00b7LECTUAL I INDUSTRIAL<\/strong><\/p>\n<p>AFRUTADOS2014 S.L.L. per si o com a cessionari, \u00e9s titular de tots els drets de propietat intel\u00b7lectual i industrial de la seva p\u00e0gina web, aix\u00ed com dels elements continguts en la mateixa (a t\u00edtol enunciatiu, imatges, so, \u00e0udio, v\u00eddeo, programari o textos; marques o logotips, combinacions de colors, estructura i disseny, selecci\u00f3 de materials usats, programes d&#8217;ordinador necessaris per al seu funcionament, acc\u00e9s i \u00fas, etc.), titularitat d&#8217;AFRUITADOS2014 S.L.L. o b\u00e9 dels seus llicenciats. Tots els drets reservats.<\/p>\n<p>Qualsevol \u00fas no autoritzat pr\u00e8viament per AFRUTADOS 2014 S.L.L. ., ser\u00e0 considerat un incompliment greu dels drets de propietat intel\u00b7lectual o industrial de l&#8217;autor.<br \/>\nQueden expressament prohibides la reproducci\u00f3, la distribuci\u00f3 i la comunicaci\u00f3 p\u00fablica, inclosa la seva modalitat de posada a disposici\u00f3, de la totalitat o part dels continguts d&#8217;aquesta p\u00e0gina web, amb finalitats comercials, en qualsevol suport i per qualsevol mitj\u00e0 t\u00e8cnic, sense l&#8217;autoritzaci\u00f3 d&#8217;AFRUTADOS2014 S.L.L.<\/p>\n<p>L&#8217;USUARI es compromet a respectar els drets de Propietat Intel\u00b7lectual i Industrial titularitat d&#8217;AFRUTADOS 2014 S.L.L. Podr\u00e0 visualitzar \u00fanicament els elements de la web sense possibilitat d&#8217;imprimir-los, copiar-los o emmagatzemar-los en el disc dur del seu ordinador o en qualsevol altre suport f\u00edsic. L&#8217;USUARI haur\u00e0 d&#8217;abstenir-se de suprimir, alterar, eludir o manipular qualsevol dispositiu de protecci\u00f3 o sistema de seguretat que estigu\u00e9s instal\u00b7lat en les p\u00e0gines d&#8217;AFRUTADOS 2014 S.L.L.<\/p>\n<p><strong>7. COMPRA EN L\u00cdNIA SEGURA<\/strong><\/p>\n<p>Una de les majors prioritats per a de la MASIA \u00e9s vetllar per la seguretat dels compradors. Per a aix\u00f2, l&#8217;equip t\u00e8cnic s&#8217;esfor\u00e7a al m\u00e0xim perqu\u00e8 el proc\u00e9s de transaccions sigui segur i la seva informaci\u00f3 personal es mantingui en un lloc segur.<\/p>\n<p><strong>8. NO COMPARTEIXI LA SEVA INFORMACI\u00d3 PERSONAL<\/strong><\/p>\n<p>Mai comparteixi les seves dades o informaci\u00f3 personal amb alg\u00fa que no conegui.<\/p>\n<p>DE LA MASIA mai li preguntar\u00e0 per:<br \/>\nRevelar o verificar contrasenya del seu compte en la web<br \/>\nN\u00famero de la seva targeta banc\u00e0ria o de cr\u00e8dit<br \/>\nPIN de la seva targeta banc\u00e0ria o de cr\u00e8dit<br \/>\nUna altra informaci\u00f3 personal que pugui posar en perill el seu compte bancari<\/p>\n<p>En el cas de rebre una trucada o correu electr\u00f2nic on se li demanin aquestes dades, ignori el missatge i comuniqui&#8217;l immediatament a de la MASIA per a procedir a investigar-lo.<\/p>\n<p><strong>9. COMUNIQUI ELS INTENTS DE \u2018Phishing\u2019<\/strong><\/p>\n<p>Si alguna vegada li envien un correu que consideri fals, faci&#8217;ns-el saber enviant-nos el correu a l&#8217;adre\u00e7a info@delamasia.com. Si per qualsevol motiu el correu no pot ser reexpedit, escrigui&#8217;ns tota la informaci\u00f3 detalladament per a aix\u00ed ajudar-nos a localitzar el seu origen i evitar problemes tant a vost\u00e8 com a altres compradors.<\/p>\n<p><strong>10. INFORMACI\u00d3 Al CLIENT SOBRE LA PLATAFORMA DE RESOLUCI\u00d3 DE CONFLICTES<\/strong><\/p>\n<p>S&#8217;informa el comprador de productes d&#8217;aquest lloc web, de l&#8217;exist\u00e8ncia d&#8217;una plataforma de resoluci\u00f3 de litigis en l\u00ednia.<\/p>\n<p>Conforme a l&#8217;Article 14.1 del Reglament (UE) 524\/2013:<\/p>\n<p>\u201cLa Comissi\u00f3 Europea facilita una plataforma de resoluci\u00f3 de litigis en l\u00ednia que es troba disponible en el seg\u00fcent enlla\u00e7: http:\/\/ec.europa.eu\/consumers\/odr\/\u2028Els consumidors podran sotmetre les seves reclamacions a trav\u00e9s de la plataforma de resoluci\u00f3 de litigis en l\u00ednia\u201d<\/p>\n<p>&nbsp;<\/p>\n","protected":false},"excerpt":{"rendered":"<p>1. DADES IDENTIFICATIVES Conforme l&#8217;article 10 de la Llei 34\/2002, d&#8217;11 de juliol, de \u201cServeis de la Societat de la Informaci\u00f3 i Comer\u00e7 Electr\u00f2nic (*LSSI)\u201d, posem en el seu coneixement la seg\u00fcent informaci\u00f3: Nom comercial: DE LA *MASIA Ra\u00f3 Social: AFRUTADOS 2014 S.L.L. N.I.F.: B-66.176.694 Domicili Social: Rambla de Catalunya, 1 08640 Olesa de Montserrat [&hellip;]<\/p>\n","protected":false},"author":1,"featured_media":0,"parent":0,"menu_order":0,"comment_status":"closed","ping_status":"closed","template":"","meta":{"footnotes":""},"acf":[],"_links":{"self":[{"href":"https:\/\/www.delamasia.com\/ca\/wp-json\/wp\/v2\/pages\/5815"}],"collection":[{"href":"https:\/\/www.delamasia.com\/ca\/wp-json\/wp\/v2\/pages"}],"about":[{"href":"https:\/\/www.delamasia.com\/ca\/wp-json\/wp\/v2\/types\/page"}],"author":[{"embeddable":true,"href":"https:\/\/www.delamasia.com\/ca\/wp-json\/wp\/v2\/users\/1"}],"replies":[{"embeddable":true,"href":"https:\/\/www.delamasia.com\/ca\/wp-json\/wp\/v2\/comments?post=5815"}],"version-history":[{"count":3,"href":"https:\/\/www.delamasia.com\/ca\/wp-json\/wp\/v2\/pages\/5815\/revisions"}],"predecessor-version":[{"id":5993,"href":"https:\/\/www.delamasia.com\/ca\/wp-json\/wp\/v2\/pages\/5815\/revisions\/5993"}],"wp:attachment":[{"href":"https:\/\/www.delamasia.com\/ca\/wp-json\/wp\/v2\/media?parent=5815"}],"curies":[{"name":"wp","href":"https:\/\/api.w.org\/{rel}","templated":true}]}}