{"id":6095,"date":"2021-02-24T17:29:52","date_gmt":"2021-02-24T17:29:52","guid":{"rendered":"https:\/\/www.delamasia.com\/?page_id=6095"},"modified":"2021-02-24T17:35:01","modified_gmt":"2021-02-24T17:35:01","slug":"subscriu-te","status":"publish","type":"page","link":"https:\/\/www.delamasia.com\/ca\/subscriu-te\/","title":{"rendered":"Subscriu-te"},"content":{"rendered":"<div id='full_slider_1'  class='avia-fullwidth-slider main_color avia-shadow   avia-builder-el-0  el_before_av_layout_row  avia-builder-el-first   container_wrap fullsize'  >\n<style type=\"text\/css\" data-created_by=\"avia_inline_auto\" id=\"style-css-av-ki7kqdp1-cdccb935de8e821167a8e9014d4ba7fa\">\n#top #wrap_all .avia-slideshow .av-slideshow-caption.av-ki7kqdp1-cdccb935de8e821167a8e9014d4ba7fa__0 .avia-caption-title{\nfont-size:50px;\ncolor:#2f782b;\n}\n#top .avia-slideshow .av-slideshow-caption.av-ki7kqdp1-cdccb935de8e821167a8e9014d4ba7fa__0 .avia-caption-content{\nfont-size:28px;\ncolor:#000000;\n}\n#top .avia-slideshow .av-slideshow-caption.av-ki7kqdp1-cdccb935de8e821167a8e9014d4ba7fa__0 .avia-caption-content p{\nfont-size:28px;\n}\n<\/style>\n<div  class='avia-slideshow av-ki7kqdp1-cdccb935de8e821167a8e9014d4ba7fa avia-slideshow-no scaling av_slideshow_full avia-fade-slider av-slideshow-ui av-control-default av-slideshow-autoplay av-loop-endless av-loop-manual-endless av-default-height-applied   avia-slideshow-1' data-slideshow-options=\"{&quot;animation&quot;:&quot;fade&quot;,&quot;autoplay&quot;:true,&quot;loop_autoplay&quot;:&quot;endless&quot;,&quot;interval&quot;:5,&quot;loop_manual&quot;:&quot;manual-endless&quot;,&quot;autoplay_stopper&quot;:false,&quot;noNavigation&quot;:false,&quot;bg_slider&quot;:false,&quot;keep_padding&quot;:false,&quot;hoverpause&quot;:false,&quot;show_slide_delay&quot;:0}\"  itemprop=\"image\" itemscope=\"itemscope\" itemtype=\"https:\/\/schema.org\/ImageObject\" ><ul class='avia-slideshow-inner ' style='padding-bottom: 27.027027027027%;'><li  class='avia-slideshow-slide av-ki7kqdp1-cdccb935de8e821167a8e9014d4ba7fa__0  av-single-slide slide-1 slide-odd'><div data-rel='slideshow-1' class='avia-slide-wrap '   ><div class='av-slideshow-caption av-ki7kqdp1-cdccb935de8e821167a8e9014d4ba7fa__0 caption_fullwidth caption_left'><div class=\"container caption_container\"><div class=\"slideshow_caption\"><div class=\"slideshow_inner_caption\"><div class=\"slideshow_align_caption\"><h2 class='avia-caption-title '  itemprop=\"name\" >INFORMACI\u00d3 \u00daTIL I MOLT M\u00c9S<\/h2><div class='avia-caption-content av_inherit_color'  itemprop=\"description\" ><p>Per a una alimentaci\u00f3 sana al nostre NEWS ON-LINE<\/p>\n<\/div><\/div><\/div><\/div><\/div><\/div><img decoding=\"async\" class=\"wp-image-6099 avia-img-lazy-loading-not-6099\" src=\"https:\/\/www.delamasia.com\/wp-content\/uploads\/2021\/02\/banner-suscribete.jpg\" width=\"1480\" height=\"400\" title=\"banner-suscribete\" alt=\"\" itemprop=\"thumbnailUrl\" srcset=\"https:\/\/www.delamasia.com\/wp-content\/uploads\/2021\/02\/banner-suscribete.jpg 1480w, https:\/\/www.delamasia.com\/wp-content\/uploads\/2021\/02\/banner-suscribete-300x81.jpg 300w, https:\/\/www.delamasia.com\/wp-content\/uploads\/2021\/02\/banner-suscribete-1030x278.jpg 1030w, https:\/\/www.delamasia.com\/wp-content\/uploads\/2021\/02\/banner-suscribete-768x208.jpg 768w, https:\/\/www.delamasia.com\/wp-content\/uploads\/2021\/02\/banner-suscribete-705x191.jpg 705w, https:\/\/www.delamasia.com\/wp-content\/uploads\/2021\/02\/banner-suscribete-600x162.jpg 600w\" sizes=\"(max-width: 1480px) 100vw, 1480px\"><\/div><\/li><\/ul><\/div><\/div>\n<div id='av-layout-grid-1'  class='av-layout-grid-container av-3ehl-70f05ccc5ed1d5d2787cf5a792870102 entry-content-wrapper main_color av-flex-cells  avia-builder-el-1  el_after_av_slideshow_full  el_before_av_section  grid-row-not-first  container_wrap fullsize'  >\n\n<style type=\"text\/css\" data-created_by=\"avia_inline_auto\" id=\"style-css-av-kh6j2h8m-b9d0535f6a7e520770c9b89388b4c3ff\">\n.flex_cell.av-kh6j2h8m-b9d0535f6a7e520770c9b89388b4c3ff{\nvertical-align:middle;\nheight:20px;\nmin-height:20px;\nbackground:url(https:\/\/www.delamasia.com\/wp-content\/uploads\/2020\/11\/patro-footer-20h.jpg) 50% 50% repeat-x scroll ;\n}\n.responsive #top #wrap_all .flex_cell.av-kh6j2h8m-b9d0535f6a7e520770c9b89388b4c3ff{\npadding:0px 0px 0px 0px !important;\n}\n<\/style>\n<div class='flex_cell av-kh6j2h8m-b9d0535f6a7e520770c9b89388b4c3ff av-gridrow-cell av_one_full no_margin  avia-builder-el-2  avia-builder-el-no-sibling ' ><div class='flex_cell_inner'><\/div><\/div>\n<\/div>\n\n<style type=\"text\/css\" data-created_by=\"avia_inline_auto\" id=\"style-css-av-fzk0z-6085debeb3cc06f36ccd5ce3839cbcc8\">\n.avia-section.av-fzk0z-6085debeb3cc06f36ccd5ce3839cbcc8{\nbackground-repeat:no-repeat;\nbackground-image:url(https:\/\/www.delamasia.com\/wp-content\/uploads\/2021\/02\/background-suscribete3.jpg);\nbackground-position:100% 0%;\nbackground-attachment:scroll;\n}\n<\/style>\n<div id='bannershome'  class='avia-section av-fzk0z-6085debeb3cc06f36ccd5ce3839cbcc8 main_color avia-section-default avia-no-border-styling  avia-builder-el-3  el_after_av_layout_row  avia-builder-el-last  avia-bg-style-scroll container_wrap fullsize'  data-section-bg-repeat='no-repeat'><div class='container av-section-cont-open' ><div class='template-page content  av-content-full alpha units'><div class='post-entry post-entry-type-page post-entry-6095'><div class='entry-content-wrapper clearfix'>\n\n<style type=\"text\/css\" data-created_by=\"avia_inline_auto\" id=\"style-css-av-kheylvau-623372f66415bf6e6289f1ae796af9fc\">\n#top .av_textblock_section.av-kheylvau-623372f66415bf6e6289f1ae796af9fc .avia_textblock{\nfont-size:32px;\ncolor:#000000;\n}\n<\/style>\n<section  class='av_textblock_section av-kheylvau-623372f66415bf6e6289f1ae796af9fc'  itemscope=\"itemscope\" itemtype=\"https:\/\/schema.org\/CreativeWork\" ><div class='avia_textblock av_inherit_color'  itemprop=\"text\" ><p style=\"text-align: center;\"><strong>SUBSCRIU-TE AL NOSTRE NEWSLETTER DIGITAL<\/strong><\/p>\n<\/div><\/section>\n\n<style type=\"text\/css\" data-created_by=\"avia_inline_auto\" id=\"style-css-av-3rnbge-b7d9e3d247efb79ef13637c1db29c2fe\">\n.flex_column.av-3rnbge-b7d9e3d247efb79ef13637c1db29c2fe{\n-webkit-border-radius:0px 0px 0px 0px;\n-moz-border-radius:0px 0px 0px 0px;\nborder-radius:0px 0px 0px 0px;\npadding:20px 20px 20px 20px;\nbackground:url(https:\/\/www.delamasia.com\/wp-content\/uploads\/2020\/11\/textura-saco-blanc-75.jpg) 0% 0% repeat scroll ;\n}\n<\/style>\n<div class='flex_column av-3rnbge-b7d9e3d247efb79ef13637c1db29c2fe av_one_half  avia-builder-el-5  el_after_av_textblock  el_before_av_one_half  first flex_column_div column-top-margin'     ><p>\n<style type=\"text\/css\" data-created_by=\"avia_inline_auto\" id=\"style-css-av-ki7qr70v-2161ca6dc0cc831faaa4e628a16fcea7\">\n#top .av_textblock_section.av-ki7qr70v-2161ca6dc0cc831faaa4e628a16fcea7 .avia_textblock{\nfont-size:18px;\ncolor:#6a3b22;\n}\n<\/style>\n<section  class='av_textblock_section av-ki7qr70v-2161ca6dc0cc831faaa4e628a16fcea7'  itemscope=\"itemscope\" itemtype=\"https:\/\/schema.org\/CreativeWork\" ><div class='avia_textblock av_inherit_color'  itemprop=\"text\" ><p>Si vols rebre informaci\u00f3 nutricional sobre els productes de temporada, receptes, consells i not\u00edcies sobre sostenibilitat, no ho dubtis i <strong>APUNTA&#8217;T AL NOSTRE NEWS ON-LINE!<\/strong><\/p>\n<\/div><\/section><br \/>\n<form action=\"https:\/\/www.delamasia.com\/ca\/subscriu-te\/\" method=\"post\"  data-av-custom-send='mailchimp_send' class=\"avia_ajax_form av-form-labels-hidden   avia-builder-el-7  el_after_av_textblock  el_before_av_textblock   avia-mailchimp-form \" data-avia-form-id=\"1\" data-avia-redirect='' ><fieldset><p class='  first_form  form_element form_fullwidth' id='element_avia_0_1'><label for=\"avia_0_1\">Correu electr\u00f2nic <abbr class=\"required\" title=\"obligatori\">*<\/abbr><\/label> <input name=\"avia_0_1\" class=\"text_input is_email\" type=\"text\" id=\"avia_0_1\" value=\"\"  placeholder='Correu electr\u00f2nic*'\/><\/p><p class=' av_form_privacy_check av_mailchimp_privacy_check first_form  form_element form_fullwidth' id='element_avia_av_privacy_agreement_1'><input  name=\"avia_av_privacy_agreement_1\" class=\"input_checkbox is_empty\" type=\"checkbox\" id=\"avia_av_privacy_agreement_1\" value=\"true\"\/><label class=\"input_checkbox_label\" for=\"avia_av_privacy_agreement_1\">He llegit i accepto rebre publicitat o informaci\u00f3 promocional.\n<a href='https:\/\/www.delamasia.com\/politica-de-privacidad\/' target='_blank' rel=\"noopener\">Pol\u00edtica de privacitat<\/a> <abbr class=\"required\" title=\"obligatori\">*<\/abbr><\/label><\/p><p class=\"form_element  first_form  form_element form_fullwidth av-last-visible-form-element modified_width\"><input type=\"hidden\" value=\"1\" name=\"avia_generated_form1\" \/><input type=\"submit\" value=\"VULL SUBSCRIURE\u2019M A LA NEWSLETTER!\" class=\"button\"  data-sending-label=\"Enviant\"\/><\/p><p class=\"hidden\"><input type=\"text\" name=\"avia_avia_username_1\" class=\"hidden \" id=\"avia_avia_username_1\" value=\"\" \/><\/p><\/fieldset><\/form><div id=\"ajaxresponse_1\" class=\"ajaxresponse ajaxresponse_1 hidden\"><\/div><br \/>\n\n<style type=\"text\/css\" data-created_by=\"avia_inline_auto\" id=\"style-css-av-ki7qr70v-85f9c02ec503209ac75ff72bcdcbf133\">\n#top .av_textblock_section.av-ki7qr70v-85f9c02ec503209ac75ff72bcdcbf133 .avia_textblock{\nfont-size:12px;\n}\n<\/style>\n<section  class='av_textblock_section av-ki7qr70v-85f9c02ec503209ac75ff72bcdcbf133'  itemscope=\"itemscope\" itemtype=\"https:\/\/schema.org\/CreativeWork\" ><div class='avia_textblock'  itemprop=\"text\" ><p>* Campos obligatorios<\/p>\n<\/div><\/section><\/p><\/div>\n<style type=\"text\/css\" data-created_by=\"avia_inline_auto\" id=\"style-css-av-2apgce-f3d3fefe4251dfcb44c653c9ffe3458b\">\n.flex_column.av-2apgce-f3d3fefe4251dfcb44c653c9ffe3458b{\n-webkit-border-radius:0px 0px 0px 0px;\n-moz-border-radius:0px 0px 0px 0px;\nborder-radius:0px 0px 0px 0px;\npadding:0px 0px 0px 0px;\n}\n<\/style>\n<div class='flex_column av-2apgce-f3d3fefe4251dfcb44c653c9ffe3458b av_one_half  avia-builder-el-9  el_after_av_one_half  avia-builder-el-last  flex_column_div av-zero-column-padding column-top-margin'     ><p>\n<style type=\"text\/css\" data-created_by=\"avia_inline_auto\" id=\"style-css-av-ki7qr70v-d511aea22ef5b4cf97b13d4463a1084c\">\n#top .av_textblock_section.av-ki7qr70v-d511aea22ef5b4cf97b13d4463a1084c .avia_textblock{\nfont-size:16px;\n}\n<\/style>\n<section  class='av_textblock_section av-ki7qr70v-d511aea22ef5b4cf97b13d4463a1084c'  itemscope=\"itemscope\" itemtype=\"https:\/\/schema.org\/CreativeWork\" ><div class='avia_textblock'  itemprop=\"text\" ><p>En DE LA MASIA, el circuit de producte se centra en la QUALITAT i, per tant, en el PRODUCTE DE TEMPORADA.<br \/>\nDeixem el producte en el seu entorn natural (l&#8217;arbre, la mata, l&#8217;arbust &#8230;), fins al seu punt de maduraci\u00f3 \u00f2ptim, prioritzant el sabor i la qualitat. Per gaudir de tota la frescor i el sabor, cal esperar el ritme dels cultius i saber quan s\u00f3n de temporada.<\/p>\n<\/div><\/section><br \/>\n\n<style type=\"text\/css\" data-created_by=\"avia_inline_auto\" id=\"style-css-av-kljp93uy-2c6f5e06b4994bf14d8d8ff5a2f79e63\">\n#top .hr.hr-invisible.av-kljp93uy-2c6f5e06b4994bf14d8d8ff5a2f79e63{\nheight:20px;\n}\n<\/style>\n<div  class='hr av-kljp93uy-2c6f5e06b4994bf14d8d8ff5a2f79e63 hr-invisible  avia-builder-el-11  el_after_av_textblock  el_before_av_textblock '><span class='hr-inner '><span class=\"hr-inner-style\"><\/span><\/span><\/div><br \/>\n\n<style type=\"text\/css\" data-created_by=\"avia_inline_auto\" id=\"style-css-av-ki7qr70v-d511aea22ef5b4cf97b13d4463a1084c\">\n#top .av_textblock_section.av-ki7qr70v-d511aea22ef5b4cf97b13d4463a1084c .avia_textblock{\nfont-size:16px;\n}\n<\/style>\n<section  class='av_textblock_section av-ki7qr70v-d511aea22ef5b4cf97b13d4463a1084c'  itemscope=\"itemscope\" itemtype=\"https:\/\/schema.org\/CreativeWork\" ><div class='avia_textblock'  itemprop=\"text\" ><h3><strong style=\"color: #4d7634;\">VOLS SABER LES FRUITES, VERDURES I HORTALISSES QUE ESTAN EN &#8220;EL SEU PUNT&#8221; A CADA MOMENT?<\/strong><\/h3>\n<\/div><\/section><br \/>\n\n<style type=\"text\/css\" data-created_by=\"avia_inline_auto\" id=\"style-css-av-kljp93uy-2c6f5e06b4994bf14d8d8ff5a2f79e63\">\n#top .hr.hr-invisible.av-kljp93uy-2c6f5e06b4994bf14d8d8ff5a2f79e63{\nheight:20px;\n}\n<\/style>\n<div  class='hr av-kljp93uy-2c6f5e06b4994bf14d8d8ff5a2f79e63 hr-invisible  avia-builder-el-13  el_after_av_textblock  el_before_av_textblock '><span class='hr-inner '><span class=\"hr-inner-style\"><\/span><\/span><\/div><br \/>\n\n<style type=\"text\/css\" data-created_by=\"avia_inline_auto\" id=\"style-css-av-ki7qr70v-d511aea22ef5b4cf97b13d4463a1084c\">\n#top .av_textblock_section.av-ki7qr70v-d511aea22ef5b4cf97b13d4463a1084c .avia_textblock{\nfont-size:16px;\n}\n<\/style>\n<section  class='av_textblock_section av-ki7qr70v-d511aea22ef5b4cf97b13d4463a1084c'  itemscope=\"itemscope\" itemtype=\"https:\/\/schema.org\/CreativeWork\" ><div class='avia_textblock'  itemprop=\"text\" ><h4 style=\"color: #4d7634;\">DESCARREGA EL NOSTRE CALENDARI DE FRUITES I VERDURES DE TEMPORADA.<\/h4>\n<\/div><\/section><br \/>\n\n<style type=\"text\/css\" data-created_by=\"avia_inline_auto\" id=\"style-css-av-ki7qr70v-d511aea22ef5b4cf97b13d4463a1084c\">\n#top .av_textblock_section.av-ki7qr70v-d511aea22ef5b4cf97b13d4463a1084c .avia_textblock{\nfont-size:16px;\n}\n<\/style>\n<section  class='av_textblock_section av-ki7qr70v-d511aea22ef5b4cf97b13d4463a1084c'  itemscope=\"itemscope\" itemtype=\"https:\/\/schema.org\/CreativeWork\" ><div class='avia_textblock'  itemprop=\"text\" ><p>Descarrega el PDF del CALENDARI FRUITES I VERDURES DE TEMPORADA<\/p>\n<\/div><\/section><\/p><\/div>\n","protected":false},"excerpt":{"rendered":"","protected":false},"author":1,"featured_media":0,"parent":0,"menu_order":0,"comment_status":"closed","ping_status":"closed","template":"","meta":{"footnotes":""},"acf":[],"_links":{"self":[{"href":"https:\/\/www.delamasia.com\/ca\/wp-json\/wp\/v2\/pages\/6095"}],"collection":[{"href":"https:\/\/www.delamasia.com\/ca\/wp-json\/wp\/v2\/pages"}],"about":[{"href":"https:\/\/www.delamasia.com\/ca\/wp-json\/wp\/v2\/types\/page"}],"author":[{"embeddable":true,"href":"https:\/\/www.delamasia.com\/ca\/wp-json\/wp\/v2\/users\/1"}],"replies":[{"embeddable":true,"href":"https:\/\/www.delamasia.com\/ca\/wp-json\/wp\/v2\/comments?post=6095"}],"version-history":[{"count":5,"href":"https:\/\/www.delamasia.com\/ca\/wp-json\/wp\/v2\/pages\/6095\/revisions"}],"predecessor-version":[{"id":6134,"href":"https:\/\/www.delamasia.com\/ca\/wp-json\/wp\/v2\/pages\/6095\/revisions\/6134"}],"wp:attachment":[{"href":"https:\/\/www.delamasia.com\/ca\/wp-json\/wp\/v2\/media?parent=6095"}],"curies":[{"name":"wp","href":"https:\/\/api.w.org\/{rel}","templated":true}]}}